{"id":531,"date":"2010-04-27T22:01:33","date_gmt":"2010-04-27T20:01:33","guid":{"rendered":"http:\/\/limbajaponeza.wordpress.com\/"},"modified":"2012-04-21T13:57:34","modified_gmt":"2012-04-21T10:57:34","slug":"despre-noi-in-presa","status":"publish","type":"page","link":"https:\/\/japoneza.lls.unibuc.ro\/?page_id=531","title":{"rendered":"Despre noi \u00een media"},"content":{"rendered":"<p>\u00a0\u00a0<\/p>\n<ul>\n<li>Radio Romania Cultural Noapte japoneza http:\/\/www.radioromaniacultural.ro\/noapte_japoneza-1972<\/li>\n<li><strong><strong>Media UB<\/strong> (24 ianuarie 2011): <strong><a href=\"http:\/\/media.unibuc.ro\/stiri-din-universitate\/conferinta-the-japanese-spirit-of-manufacture-and-national-foundation\" target=\"_blank\"><em>Conferin\u0163a &#8220;The Japanese Spirit of Manufacture and National Foundation&#8221;<\/em><\/a><\/strong><\/strong><\/li>\n<li><strong>Adev\u0103rul<\/strong> (30 noiembrie 2010): <strong><em><a href=\"http:\/\/www.adevarul.ro\/scoala_educatie\/facultate\/Studenti_la_japoneza-hindi-neerlandeza_si_chineza_0_380962410.html\" target=\"_blank\">Studen\u0163i la japonez\u0103-hindi, neerlandez\u0103 \u015fi chinez\u0103<\/a><\/em><\/strong><\/li>\n<li><strong>Mediafax Foto<\/strong> (26 august 2010): <strong><a href=\"http:\/\/www.mediafaxfoto.ro\/Photos.aspx?t=CENTRUL+DE+STUDII+JAPONEZE+-+BUCURESTI\" target=\"_blank\"><em>Centrul de Studii Japoneze &#8211; Bucure\u015fti<\/em><\/a><\/strong><\/li>\n<li><strong>EduManager.ro<\/strong> (26 august 2010): <strong><a href=\"http:\/\/www.edumanager.ro\/articol.php?id=7425\" target=\"_blank\"><em>Universitatea Bucure\u015fti a lansat primul Centru de Studii Japoneze<\/em><\/a><\/strong><\/li>\n<li><strong>Studentie.ro<\/strong> (25 august 2010): <strong><a href=\"http:\/\/www.studentie.ro\/campus\/Lansarea_primului_Centru_de_Studii_Japoneze_din_Romania\/c-65-a-102232\" target=\"_blank\"><em>Lansarea primului Centru de Studii Japoneze din Rom\u00e2nia<\/em><\/a><\/strong><\/li>\n<li><strong>Adev\u0103rul<\/strong> (24 august 2010): <strong><a href=\"http:\/\/www.adevarul.ro\/actualitate\/social\/UB_lanseaza_primul_Centru_de_Studii_Japoneze_0_322768126.html\" target=\"_blank\"><em>UB lanseaz\u0103 primul Centru de Studii Japoneze<\/em><\/a><\/strong><\/li>\n<li><strong>Agerpres<\/strong><em><strong> <\/strong><\/em>(24 august 2010): <strong><em><a href=\"http:\/\/www.agerpres.ro\/media\/index.php\/comunicate\/item\/25674.html\" target=\"_blank\">Lansarea primului Centru de Studii Japoneze din Rom\u00e2nia<\/a><\/em><\/strong><\/li>\n<li><strong>Radio Rom\u00e2nia Cultural<\/strong> (20 august 2010): <strong><a href=\"http:\/\/cultural.srr.ro\/articole\/art.shtml?a=74101&amp;c=3&amp;g=1\" target=\"_blank\"><em>Studii cultur\u0103 japonez\u0103<\/em><\/a><\/strong><\/li>\n<li><strong>Evenimentul Zilei<\/strong> (5 iulie 2010): <strong><em><a href=\"http:\/\/www.evz.ro\/detalii\/stiri\/absolventi-de-facultate-la-5-ani-899783.html\" target=\"_blank\">Absolven\u0163i de facultate la 5 ani<\/a> <\/em><\/strong>(despre Universitatea Copiilor)<\/li>\n<li><strong>Jurnalul Na\u0163ional<\/strong> (9 mai 2010): <strong><a href=\"http:\/\/www.jurnalul.ro\/stire-tentatii\/japonia-din-inima-bucurestiului-543098.html\" target=\"_blank\"><em>Japonia din inima Bucure\u015ftiului<\/em><\/a><\/strong><\/li>\n<li><strong>Ziua online<\/strong> (25 aprilie 2010): <strong><em><a href=\"http:\/\/www.ziuaonline.ro\/cultura\/27-cultura\/2625-festival-japonez-la-gradina-botanica-sushi-ikebana-origami-si-karaoke-foto.html\" target=\"_blank\">Festival japonez la Gr\u0103dina Botanic\u0103 &#8211; sushi, ikebana, origami \u015fi karaoke<\/a><\/em><\/strong><\/li>\n<li><strong>Radio Rom\u00e2nia Cultural<\/strong> (25 aprilie 2010): <strong><a href=\"http:\/\/cultural.srr.ro\/articole\/art.shtml?a=68222&amp;c=4&amp;g=2\" target=\"_blank\"><em>Drum deschis<\/em><\/a><\/strong><\/li>\n<li><strong>Jurnalul Na\u0163ional<\/strong> (23 aprilie 2010): <strong><em><a href=\"http:\/\/www.jurnalul.ro\/stire-observator\/festival-japonez-la-bucuresti-541924.html\" target=\"_blank\">Festival japonez la Bucure\u015fti<\/a><\/em><\/strong><\/li>\n<li><strong>Jurnalul Na\u0163ional<\/strong> (6 septembrie 2009): <strong><em><a href=\"http:\/\/www.jurnalul.ro\/stire-spectator\/vara-japoneza-519897.html\" target=\"_blank\">Var\u0103 japonez\u0103<\/a><\/em><\/strong><\/li>\n<li><strong>G\u00e2ndul <\/strong>(19 mai 2009): <strong><em><a href=\"http:\/\/www.gandul.info\/scoala\/altetele-imperiale-japoneze-la-universitatea-din-bucuresti-4421686\" target=\"_blank\">Alte\u0163ele imperiale japoneze, la Universitatea din Bucure\u015fti<\/a><\/em><\/strong><\/li>\n<li><strong>9 a.m.<\/strong> (11 ianuarie 2007): <strong><em><a href=\"http:\/\/www.9am.ro\/stiri-revista-presei\/Social\/51992\/Sprijin-de-65-000-euro-pentru-studentii-care-invata-limba-japoneza.html\" target=\"_blank\">Sprijin de 65.000 de euro pentru studen\u0163ii care \u00eenva\u0163\u0103 limba japonez\u0103<\/a><\/em><\/strong><\/li>\n<\/ul>\n","protected":false},"excerpt":{"rendered":"<p>\u00a0\u00a0 Radio Romania Cultural Noapte japoneza http:\/\/www.radioromaniacultural.ro\/noapte_japoneza-1972 Media UB (24 ianuarie 2011): Conferin\u0163a &#8220;The Japanese Spirit of Manufacture and National Foundation&#8221; Adev\u0103rul (30 noiembrie 2010): Studen\u0163i la japonez\u0103-hindi, neerlandez\u0103 \u015fi chinez\u0103 Mediafax Foto (26 august 2010): Centrul de Studii Japoneze &hellip; <a href=\"https:\/\/japoneza.lls.unibuc.ro\/?page_id=531\">Continue reading <span class=\"meta-nav\">&rarr;<\/span><\/a><\/p>\n","protected":false},"author":2,"featured_media":0,"parent":526,"menu_order":3,"comment_status":"closed","ping_status":"closed","template":"","meta":{"footnotes":""},"class_list":["post-531","page","type-page","status-publish","hentry"],"_links":{"self":[{"href":"https:\/\/japoneza.lls.unibuc.ro\/index.php?rest_route=\/wp\/v2\/pages\/531","targetHints":{"allow":["GET"]}}],"collection":[{"href":"https:\/\/japoneza.lls.unibuc.ro\/index.php?rest_route=\/wp\/v2\/pages"}],"about":[{"href":"https:\/\/japoneza.lls.unibuc.ro\/index.php?rest_route=\/wp\/v2\/types\/page"}],"author":[{"embeddable":true,"href":"https:\/\/japoneza.lls.unibuc.ro\/index.php?rest_route=\/wp\/v2\/users\/2"}],"replies":[{"embeddable":true,"href":"https:\/\/japoneza.lls.unibuc.ro\/index.php?rest_route=%2Fwp%2Fv2%2Fcomments&post=531"}],"version-history":[{"count":15,"href":"https:\/\/japoneza.lls.unibuc.ro\/index.php?rest_route=\/wp\/v2\/pages\/531\/revisions"}],"predecessor-version":[{"id":914,"href":"https:\/\/japoneza.lls.unibuc.ro\/index.php?rest_route=\/wp\/v2\/pages\/531\/revisions\/914"}],"up":[{"embeddable":true,"href":"https:\/\/japoneza.lls.unibuc.ro\/index.php?rest_route=\/wp\/v2\/pages\/526"}],"wp:attachment":[{"href":"https:\/\/japoneza.lls.unibuc.ro\/index.php?rest_route=%2Fwp%2Fv2%2Fmedia&parent=531"}],"curies":[{"name":"wp","href":"https:\/\/api.w.org\/{rel}","templated":true}]}}