{"id":529,"date":"2010-04-27T22:00:54","date_gmt":"2010-04-27T20:00:54","guid":{"rendered":"http:\/\/limbajaponeza.wordpress.com\/"},"modified":"2011-03-20T08:47:50","modified_gmt":"2011-03-20T06:47:50","slug":"galerie-video","status":"publish","type":"page","link":"https:\/\/japoneza.lls.unibuc.ro\/?page_id=529","title":{"rendered":"Audio \/ video"},"content":{"rendered":"<p><strong>Fragment din <a href=\"http:\/\/csj.cc.unibuc.ro\/?p=1615\" target=\"_blank\">conferin\u0163a &#8220;P\u0103s\u0103rile la taifas&#8221;<\/a> de la CSJ<\/strong> &#8211; 25 februarie 2011<\/p>\n<p>[cincopa AUJAsdqyt_mn]<\/p>\n<p>&#8212;&#8212;&#8212;&#8212;&#8212;&#8212;&#8212;&#8212;&#8212;&#8212;&#8212;&#8212;&#8212;&#8212;&#8212;&#8212;&#8212;&#8212;&#8212;&#8212;&#8212;&#8212;&#8212;&#8212;&#8212;&#8212;&#8212;&#8212;-<\/p>\n<p><strong>Slideshow de la atelierul de cultur\u0103 japonez\u0103 &#8211; Universitatea Copiilor<\/strong> (19 februarie 2011)<\/p>\n<p>[youtube]http:\/\/www.youtube.com\/watch?v=eDuHFKcJVfY[\/youtube]<\/p>\n<p>&#8212;&#8212;&#8212;&#8212;&#8212;&#8212;&#8212;&#8212;&#8212;&#8212;&#8212;&#8212;&#8212;&#8212;&#8212;&#8212;&#8212;&#8212;&#8212;&#8212;&#8212;&#8212;&#8212;&#8212;&#8212;&#8212;&#8212;&#8212;-<\/p>\n<p><strong>Interviu la &#8220;Kimono party&#8221;<\/strong> (14 ianuarie 2011) &#8211; Radio Rom\u00e2nia Actualit\u0103\u0163i<\/p>\n<p style=\"text-align: center;\">[cincopa AkDAUc6NMY-l]<\/p>\n<p style=\"text-align: left;\">Anun\u0163ul de pe site-ul RRA se g\u0103se\u015fte <a href=\"http:\/\/www.romania-actualitati.ro\/kimono_party-24293\" target=\"_blank\">aici<\/a>.<\/p>\n<p>&#8212;&#8212;&#8212;&#8212;&#8212;&#8212;&#8212;&#8212;&#8212;&#8212;&#8212;&#8212;&#8212;&#8212;&#8212;&#8212;&#8212;&#8212;&#8212;&#8212;&#8212;&#8212;&#8212;&#8212;&#8212;&#8212;&#8212;&#8212;-<\/p>\n<p><strong>Mini curs de limba japonez\u0103 \u015fi de origami la &#8220;Universitatea Copiilor&#8221;<\/strong> (2 iulie 2010)<\/p>\n<p>[youtube]http:\/\/www.youtube.com\/watch?v=2p3Ch289ZjE&amp;NR=1[\/youtube]<a href=\"http:\/\/www.youtube.com\/watch?v=2p3Ch289ZjE&amp;NR=1\"><\/a><\/p>\n<p>Celelalte clipuri pot fi vizionate pe canalul <a href=\"http:\/\/www.youtube.com\/user\/sectiajaponeza\" target=\"_blank\">YouTube Japoneza_Unibuc<\/a>.<\/p>\n<p>&#8212;&#8212;&#8212;&#8212;&#8212;&#8212;&#8212;&#8212;&#8212;&#8212;&#8212;&#8212;&#8212;&#8212;&#8212;&#8212;&#8212;&#8212;&#8212;&#8212;&#8212;&#8212;&#8212;&#8212;&#8212;&#8212;&#8212;&#8212;-<\/p>\n<p><strong>Workshop de limba japonez\u0103 &#8211; regizorul \u015fi dramaturgul Oriza HIRATA<\/strong> (10 iunie 2010)<\/p>\n<p>[youtube]http:\/\/www.youtube.com\/watch?v=DJdRybRv1Uw&amp;feature=related[\/youtube]<\/p>\n<p>Toate clipurile de la workshop pot fi vizionate pe canalul<a href=\"http:\/\/www.youtube.com\/user\/sectiajaponeza\" target=\"_blank\"> YouTube Japoneza_Unibuc<\/a>.<\/p>\n<p>&#8212;&#8212;&#8212;&#8212;&#8212;&#8212;&#8212;&#8212;&#8212;&#8212;&#8212;&#8212;&#8212;&#8212;&#8212;&#8212;&#8212;&#8212;&#8212;&#8212;&#8212;&#8212;&#8212;&#8212;&#8212;&#8212;&#8212;&#8212;&#8211;<\/p>\n<p><strong>Slideshow Festivalul japonez &#8220;Michi biraki&#8221;<\/strong> &#8211; Gr\u0103dina Botanic\u0103 (25 aprilie 2010):<\/p>\n<p>[youtube=http:\/\/www.youtube.com\/watch?v=bFdqYjMvltU]<\/p>\n","protected":false},"excerpt":{"rendered":"<p>Fragment din conferin\u0163a &#8220;P\u0103s\u0103rile la taifas&#8221; de la CSJ &#8211; 25 februarie 2011 [cincopa AUJAsdqyt_mn] &#8212;&#8212;&#8212;&#8212;&#8212;&#8212;&#8212;&#8212;&#8212;&#8212;&#8212;&#8212;&#8212;&#8212;&#8212;&#8212;&#8212;&#8212;&#8212;&#8212;&#8212;&#8212;&#8212;&#8212;&#8212;&#8212;&#8212;&#8212;- Slideshow de la atelierul de cultur\u0103 japonez\u0103 &#8211; Universitatea Copiilor (19 februarie 2011) [youtube]http:\/\/www.youtube.com\/watch?v=eDuHFKcJVfY[\/youtube] &#8212;&#8212;&#8212;&#8212;&#8212;&#8212;&#8212;&#8212;&#8212;&#8212;&#8212;&#8212;&#8212;&#8212;&#8212;&#8212;&#8212;&#8212;&#8212;&#8212;&#8212;&#8212;&#8212;&#8212;&#8212;&#8212;&#8212;&#8212;- Interviu la &#8220;Kimono party&#8221; (14 ianuarie 2011) &#8211; Radio &hellip; <a href=\"https:\/\/japoneza.lls.unibuc.ro\/?page_id=529\">Continue reading <span class=\"meta-nav\">&rarr;<\/span><\/a><\/p>\n","protected":false},"author":2,"featured_media":0,"parent":526,"menu_order":2,"comment_status":"closed","ping_status":"closed","template":"","meta":{"footnotes":""},"class_list":["post-529","page","type-page","status-publish","hentry"],"_links":{"self":[{"href":"https:\/\/japoneza.lls.unibuc.ro\/index.php?rest_route=\/wp\/v2\/pages\/529","targetHints":{"allow":["GET"]}}],"collection":[{"href":"https:\/\/japoneza.lls.unibuc.ro\/index.php?rest_route=\/wp\/v2\/pages"}],"about":[{"href":"https:\/\/japoneza.lls.unibuc.ro\/index.php?rest_route=\/wp\/v2\/types\/page"}],"author":[{"embeddable":true,"href":"https:\/\/japoneza.lls.unibuc.ro\/index.php?rest_route=\/wp\/v2\/users\/2"}],"replies":[{"embeddable":true,"href":"https:\/\/japoneza.lls.unibuc.ro\/index.php?rest_route=%2Fwp%2Fv2%2Fcomments&post=529"}],"version-history":[{"count":27,"href":"https:\/\/japoneza.lls.unibuc.ro\/index.php?rest_route=\/wp\/v2\/pages\/529\/revisions"}],"predecessor-version":[{"id":786,"href":"https:\/\/japoneza.lls.unibuc.ro\/index.php?rest_route=\/wp\/v2\/pages\/529\/revisions\/786"}],"up":[{"embeddable":true,"href":"https:\/\/japoneza.lls.unibuc.ro\/index.php?rest_route=\/wp\/v2\/pages\/526"}],"wp:attachment":[{"href":"https:\/\/japoneza.lls.unibuc.ro\/index.php?rest_route=%2Fwp%2Fv2%2Fmedia&parent=529"}],"curies":[{"name":"wp","href":"https:\/\/api.w.org\/{rel}","templated":true}]}}