{"id":1917,"date":"2011-02-19T18:40:09","date_gmt":"2011-02-19T16:40:09","guid":{"rendered":"http:\/\/japoneza.lls.unibuc.ro\/?page_id=1917"},"modified":"2011-02-20T00:26:28","modified_gmt":"2011-02-19T22:26:28","slug":"universitatea-copiilor","status":"publish","type":"page","link":"https:\/\/japoneza.lls.unibuc.ro\/?page_id=1917","title":{"rendered":"Universitatea Copiilor"},"content":{"rendered":"<p>Colaborarea cu <a href=\"http:\/\/www.unico.org.ro\/\" target=\"_blank\">Universitatea Copiilor<\/a> a \u00eenceput \u00een vara anului 2010, c\u00eend <a href=\"http:\/\/japoneza.lls.unibuc.ro\/?p=644\" target=\"_blank\">studen\u0163ii Sec\u0163iei de Japonez\u0103 au donat acestei asocia\u0163ii<\/a> banii str\u00een\u015fi prin v\u00eenzarea de obiecte (<em>origami<\/em>, <em>kusudama <\/em>etc.) \u00een timpul festivalului japonez de pe 25 aprilie de la Gr\u0103dina Botanic\u0103. Dona\u0163ia a fost urmat\u0103 de un atelier de cultur\u0103 japonez\u0103 pentru copii sus\u0163inut pe data de 1 iulie 2010.<\/p>\n<p style=\"text-align: left;\"><a href=\"http:\/\/japoneza.lls.unibuc.ro\/wp-content\/uploads\/2011\/02\/rsz_unico.jpg\"><img loading=\"lazy\" decoding=\"async\" class=\"aligncenter size-full wp-image-1921\" title=\"rsz_unico\" src=\"http:\/\/japoneza.lls.unibuc.ro\/wp-content\/uploads\/2011\/02\/rsz_unico.jpg\" alt=\"\" width=\"422\" height=\"180\" srcset=\"https:\/\/japoneza.lls.unibuc.ro\/wp-content\/uploads\/2011\/02\/rsz_unico.jpg 586w, https:\/\/japoneza.lls.unibuc.ro\/wp-content\/uploads\/2011\/02\/rsz_unico-300x127.jpg 300w\" sizes=\"auto, (max-width: 422px) 100vw, 422px\" \/><\/a>Colaborarea continu\u0103 \u015fi \u00een anul academic 2010-2011: astfel, pe 19 februarie 2011 un grup de studen\u0163i ai Sec\u0163iei de japonez\u0103 au sus\u0163inut un atelier de <em>origami <\/em>\u015fi c\u00eentece japoneze la care au participat 25 de copii.<\/p>\n<p style=\"text-align: left;\">Pe paginile <a href=\"http:\/\/japoneza.lls.unibuc.ro\/?page_id=107\" target=\"_blank\">Galerie foto<\/a> \u015fi <a href=\"http:\/\/japoneza.lls.unibuc.ro\/?page_id=529\" target=\"_blank\">Audio \/ video<\/a> se g\u0103sesc fotografii \u015fi filme de la aceste workshop-uri.<\/p>\n","protected":false},"excerpt":{"rendered":"<p>Colaborarea cu Universitatea Copiilor a \u00eenceput \u00een vara anului 2010, c\u00eend studen\u0163ii Sec\u0163iei de Japonez\u0103 au donat acestei asocia\u0163ii banii str\u00een\u015fi prin v\u00eenzarea de obiecte (origami, kusudama etc.) \u00een timpul festivalului japonez de pe 25 aprilie de la Gr\u0103dina Botanic\u0103. &hellip; <a href=\"https:\/\/japoneza.lls.unibuc.ro\/?page_id=1917\">Continue reading <span class=\"meta-nav\">&rarr;<\/span><\/a><\/p>\n","protected":false},"author":1,"featured_media":0,"parent":169,"menu_order":8,"comment_status":"closed","ping_status":"open","template":"","meta":{"footnotes":""},"class_list":["post-1917","page","type-page","status-publish","hentry"],"_links":{"self":[{"href":"https:\/\/japoneza.lls.unibuc.ro\/index.php?rest_route=\/wp\/v2\/pages\/1917","targetHints":{"allow":["GET"]}}],"collection":[{"href":"https:\/\/japoneza.lls.unibuc.ro\/index.php?rest_route=\/wp\/v2\/pages"}],"about":[{"href":"https:\/\/japoneza.lls.unibuc.ro\/index.php?rest_route=\/wp\/v2\/types\/page"}],"author":[{"embeddable":true,"href":"https:\/\/japoneza.lls.unibuc.ro\/index.php?rest_route=\/wp\/v2\/users\/1"}],"replies":[{"embeddable":true,"href":"https:\/\/japoneza.lls.unibuc.ro\/index.php?rest_route=%2Fwp%2Fv2%2Fcomments&post=1917"}],"version-history":[{"count":8,"href":"https:\/\/japoneza.lls.unibuc.ro\/index.php?rest_route=\/wp\/v2\/pages\/1917\/revisions"}],"predecessor-version":[{"id":1952,"href":"https:\/\/japoneza.lls.unibuc.ro\/index.php?rest_route=\/wp\/v2\/pages\/1917\/revisions\/1952"}],"up":[{"embeddable":true,"href":"https:\/\/japoneza.lls.unibuc.ro\/index.php?rest_route=\/wp\/v2\/pages\/169"}],"wp:attachment":[{"href":"https:\/\/japoneza.lls.unibuc.ro\/index.php?rest_route=%2Fwp%2Fv2%2Fmedia&parent=1917"}],"curies":[{"name":"wp","href":"https:\/\/api.w.org\/{rel}","templated":true}]}}